{"id":183,"date":"2020-05-04T14:28:09","date_gmt":"2020-05-04T14:28:09","guid":{"rendered":"http:\/\/b-und-l-service.de\/?page_id=183"},"modified":"2022-07-17T07:10:25","modified_gmt":"2022-07-17T07:10:25","slug":"blue-tooth-hc06","status":"publish","type":"page","link":"https:\/\/b-und-l-service.de\/index.php\/blue-tooth-hc06\/","title":{"rendered":"Blue tooth HC06"},"content":{"rendered":"<p><img loading=\"lazy\" decoding=\"async\" class=\"alignnone size-medium wp-image-191\" src=\"http:\/\/b-und-l-service.de\/wp-content\/uploads\/2020\/05\/rsz_BlueTooth-HC06-300x217.jpg\" alt=\"\" width=\"300\" height=\"217\" srcset=\"https:\/\/b-und-l-service.de\/wp-content\/uploads\/2020\/05\/rsz_BlueTooth-HC06-300x217.jpg 300w, https:\/\/b-und-l-service.de\/wp-content\/uploads\/2020\/05\/rsz_BlueTooth-HC06-1024x740.jpg 1024w, https:\/\/b-und-l-service.de\/wp-content\/uploads\/2020\/05\/rsz_BlueTooth-HC06-768x555.jpg 768w, https:\/\/b-und-l-service.de\/wp-content\/uploads\/2020\/05\/rsz_BlueTooth-HC06.jpg 1280w\" sizes=\"auto, (max-width: 300px) 100vw, 300px\" \/><\/p>\n<p>Prototyp der Platine<\/p>\n<p>Seit einiger Zeit sind Bluetoothmodule mit der Bezeichnung HC06 erh\u00e4ltlich. Sie sind robust und gut zu handhaben. Die Konfiguration erfolgt \u00fcber sog. AT Kommandos.<\/p>\n<p>Hinweis : AT Kommandos werden immer mit 38.400 baud \u00fcbertragen, <strong>auch nach der Umstellung der Baudrate.<br \/>\n<\/strong>CR LF steht hier f\u00fcr carriage return linefeed (#10 #13). Es folgt die Beschreibung f\u00fcr die Einstellung der Baudrate (hier 115200 Baud)<\/p>\n<ol>\n<li>Taste gedr\u00fcckt halten, dann power on<\/li>\n<li>LED blinkt langsam, ca. 2 Sekunden, Modul ist im AT Mode<\/li>\n<li>Terminal (z.B. Hyperterminal) auf 38.400 Baud f\u00fcr Kommandos im AT-Mode einstellen<\/li>\n<li>AT CR LF liefert OK als Antwort, es gibt kein Echo der Eingabe<\/li>\n<li>AT+UART? liefert die aktuell eingestellten Baudrate<\/li>\n<li>AT+VERSION liefert die Firmware-Version<\/li>\n<li>VersionAT+UART=115200,0,0 setzt den UART auf 115.200 baud, 1 StopBit, no parity<\/li>\n<\/ol>\n<p>Die Paarung mit dem PC erfolgt wie beim Modul BTM112 beschrieben.<\/p>\n","protected":false},"excerpt":{"rendered":"<p>Prototyp der Platine Seit einiger Zeit sind Bluetoothmodule mit der Bezeichnung HC06 erh\u00e4ltlich. Sie sind robust und gut zu handhaben. Die Konfiguration erfolgt \u00fcber sog. AT Kommandos. Hinweis : AT Kommandos werden immer mit 38.400 baud \u00fcbertragen, auch nach der Umstellung der Baudrate. CR LF steht hier f\u00fcr carriage return linefeed (#10 #13). Es folgt [&hellip;]<\/p>\n","protected":false},"author":1,"featured_media":0,"parent":0,"menu_order":0,"comment_status":"closed","ping_status":"closed","template":"","meta":{"gt_page_layout":"","gt_hide_page_title":false,"gt_remove_bottom_margin":false,"footnotes":""},"class_list":["post-183","page","type-page","status-publish","hentry"],"_links":{"self":[{"href":"https:\/\/b-und-l-service.de\/index.php\/wp-json\/wp\/v2\/pages\/183","targetHints":{"allow":["GET"]}}],"collection":[{"href":"https:\/\/b-und-l-service.de\/index.php\/wp-json\/wp\/v2\/pages"}],"about":[{"href":"https:\/\/b-und-l-service.de\/index.php\/wp-json\/wp\/v2\/types\/page"}],"author":[{"embeddable":true,"href":"https:\/\/b-und-l-service.de\/index.php\/wp-json\/wp\/v2\/users\/1"}],"replies":[{"embeddable":true,"href":"https:\/\/b-und-l-service.de\/index.php\/wp-json\/wp\/v2\/comments?post=183"}],"version-history":[{"count":9,"href":"https:\/\/b-und-l-service.de\/index.php\/wp-json\/wp\/v2\/pages\/183\/revisions"}],"predecessor-version":[{"id":254,"href":"https:\/\/b-und-l-service.de\/index.php\/wp-json\/wp\/v2\/pages\/183\/revisions\/254"}],"wp:attachment":[{"href":"https:\/\/b-und-l-service.de\/index.php\/wp-json\/wp\/v2\/media?parent=183"}],"curies":[{"name":"wp","href":"https:\/\/api.w.org\/{rel}","templated":true}]}}