{"id":166,"date":"2020-04-27T07:59:10","date_gmt":"2020-04-27T07:59:10","guid":{"rendered":"http:\/\/b-und-l-service.de\/?page_id=166"},"modified":"2021-03-26T13:34:04","modified_gmt":"2021-03-26T13:34:04","slug":"nano-vna","status":"publish","type":"page","link":"https:\/\/b-und-l-service.de\/index.php\/nano-vna\/","title":{"rendered":"nano VNA"},"content":{"rendered":"<p><img loading=\"lazy\" decoding=\"async\" class=\"alignnone size-medium wp-image-167\" src=\"http:\/\/b-und-l-service.de\/wp-content\/uploads\/2020\/04\/nanoVNA-300x210.png\" alt=\"\" width=\"300\" height=\"210\" srcset=\"https:\/\/b-und-l-service.de\/wp-content\/uploads\/2020\/04\/nanoVNA-300x210.png 300w, https:\/\/b-und-l-service.de\/wp-content\/uploads\/2020\/04\/nanoVNA.png 577w\" sizes=\"auto, (max-width: 300px) 100vw, 300px\" \/><\/p>\n<p>Bis vor wenigen Jahren war die Anschaffung eines Vektor-Netzwerk-Analysators (VNA) f\u00fcr Privatpersonen auf Grund des hohen Preises nahezu ausgeschlossen. Auch f\u00fcr kleine Firmen lohnte sich die Investition meist nicht. Seit einiger Zeit werden sehr preisg\u00fcnstige Ger\u00e4te angeboten, die f\u00fcr viele Zwecke eine ausreichende Bandbreite und Leistungsf\u00e4higkeit haben. Sie sind mit einem Touch-Screen und einem USB-Anschluss ausgestattet. Der hier verwendete nanoVNA hat ein 2,8\u201c-Display. F\u00fcr orientierende Messungen ist die Gr\u00f6\u00dfe ausreichend, \u00a0f\u00fcr die praktische Anwendung aber oft zu klein.<\/p>\n<p>Was lag also n\u00e4her, als ein PC-Programm zu entwickeln, das die gemessenen Daten via USB empf\u00e4ngt und darstellt. Das Programm befindet sich noch in einem fr\u00fchen Stadium und wird weiterentwickelt. Anregungen und Kritik sind willkommnen <a href=\"http:\/\/b-und-l-service.de\/wp-content\/uploads\/2020\/05\/BL-NanoVNA_110.zip\">(download V1.1.0).<\/a><\/p>\n<p>Neu dazugekommen sind Cursorfunktionen und der Export von S1P bzw S2P Dateien (Touchstone Format). <a href=\"http:\/\/b-und-l-service.de\/wp-content\/uploads\/2020\/05\/BL-NanoVNA-121.zip\">(download V1.2.1)<\/a><\/p>\n<p>Until a few years ago, the purchase of a vector network analyser (VNA) was almost impossible for private individuals due to the high price. Even for small companies, the investment was usually not worthwhile. For some time now, very reasonably priced devices have been available that have sufficient bandwidth and performance for many purposes. They are equipped with a touch screen and a USB port. The nanoVNA used here has a 2.8&#8243; display. The size is sufficient for orienting measurements, but often too small for practical use.<\/p>\n<p>So what could be more obvious than to develop a PC programme that receives and displays the measured data via USB. The programme is still at an early stage and is being further developed. Suggestions and criticism are welcome (download V1.1.0).<\/p>\n<p>&nbsp;<\/p>\n","protected":false},"excerpt":{"rendered":"<p>Bis vor wenigen Jahren war die Anschaffung eines Vektor-Netzwerk-Analysators (VNA) f\u00fcr Privatpersonen auf Grund des hohen Preises nahezu ausgeschlossen. Auch f\u00fcr kleine Firmen lohnte sich die Investition meist nicht. Seit einiger Zeit werden sehr preisg\u00fcnstige Ger\u00e4te angeboten, die f\u00fcr viele Zwecke eine ausreichende Bandbreite und Leistungsf\u00e4higkeit haben. Sie sind mit einem Touch-Screen und einem USB-Anschluss [&hellip;]<\/p>\n","protected":false},"author":1,"featured_media":0,"parent":0,"menu_order":0,"comment_status":"closed","ping_status":"closed","template":"","meta":{"gt_page_layout":"","gt_hide_page_title":false,"gt_remove_bottom_margin":false,"footnotes":""},"class_list":["post-166","page","type-page","status-publish","hentry"],"_links":{"self":[{"href":"https:\/\/b-und-l-service.de\/index.php\/wp-json\/wp\/v2\/pages\/166","targetHints":{"allow":["GET"]}}],"collection":[{"href":"https:\/\/b-und-l-service.de\/index.php\/wp-json\/wp\/v2\/pages"}],"about":[{"href":"https:\/\/b-und-l-service.de\/index.php\/wp-json\/wp\/v2\/types\/page"}],"author":[{"embeddable":true,"href":"https:\/\/b-und-l-service.de\/index.php\/wp-json\/wp\/v2\/users\/1"}],"replies":[{"embeddable":true,"href":"https:\/\/b-und-l-service.de\/index.php\/wp-json\/wp\/v2\/comments?post=166"}],"version-history":[{"count":14,"href":"https:\/\/b-und-l-service.de\/index.php\/wp-json\/wp\/v2\/pages\/166\/revisions"}],"predecessor-version":[{"id":218,"href":"https:\/\/b-und-l-service.de\/index.php\/wp-json\/wp\/v2\/pages\/166\/revisions\/218"}],"wp:attachment":[{"href":"https:\/\/b-und-l-service.de\/index.php\/wp-json\/wp\/v2\/media?parent=166"}],"curies":[{"name":"wp","href":"https:\/\/api.w.org\/{rel}","templated":true}]}}