{"id":152,"date":"2020-04-26T06:06:11","date_gmt":"2020-04-26T06:06:11","guid":{"rendered":"http:\/\/b-und-l-service.de\/?page_id=152"},"modified":"2023-01-22T09:31:07","modified_gmt":"2023-01-22T09:31:07","slug":"vlf-empfaenger","status":"publish","type":"page","link":"https:\/\/b-und-l-service.de\/index.php\/vlf-empfaenger\/","title":{"rendered":"VLF Empf\u00e4nger"},"content":{"rendered":"<p><img loading=\"lazy\" decoding=\"async\" class=\"alignnone wp-image-273\" src=\"http:\/\/b-und-l-service.de\/wp-content\/uploads\/2023\/01\/RX_600_B-300x107.png\" alt=\"\" width=\"317\" height=\"113\" srcset=\"https:\/\/b-und-l-service.de\/wp-content\/uploads\/2023\/01\/RX_600_B-300x107.png 300w, https:\/\/b-und-l-service.de\/wp-content\/uploads\/2023\/01\/RX_600_B-768x273.png 768w, https:\/\/b-und-l-service.de\/wp-content\/uploads\/2023\/01\/RX_600_B.png 894w\" sizes=\"auto, (max-width: 317px) 100vw, 317px\" \/><\/p>\n<p>F\u00fcr ein geophysikalisches Verfahren wurde eine spezielle Hardware entwickelt. Das Verfahren beruht auf\u00a0 der Auswertung der St\u00e4rke von elektromagnetischen Feldern, die durch leitf\u00e4higen Materialien (Wasser, Rohre und Kabel sowie Hohlr\u00e4ume) ver\u00e4ndert werden. Die Messung\u00a0 erfolgt bei sehr tiefen Frequenzen (VLF). Der entwickelte Empf\u00e4nger ist zweikanalig ausgef\u00fchrt und beinhaltet zwei identische Breitbandverst\u00e4rker. Die Auswertung (FFT) erfolgt mit einem STM32 Prozessor. In einem Frequenzbereich 1 \u2026 160 KHz werden 10 Spektren je 256 Samples pro Sekunde berechnet und zur weiteren Auswertung bereitgestellt.<\/p>\n<p>Januar 2023<br \/>\nDie verwendeten STM32 Module waren ab einem bestimmten Zeitpunkt nicht mehr vef\u00fcgbar. Es wurde eine neue Platine entwickelt, die ein alternatives CPU Modul (blue pill) ber\u00fccksichtigt. Dabei wurde der Bluetooth-Transceiver gleich auf der Hauplatine steckbar angeordnet. Zus\u00e4tzlich wurde ein Kompassmodul vorgesehen, wodurch sich zus\u00e4tzliche Messm\u00f6glichkeiten ergaben.<\/p>\n<p>Special hardware was developed for a geophysical procedure. The method is based on the evaluation of the strength of electromagnetic fields that are changed by conductive materials (water, pipes and cables as well as cavities). The measurement is carried out at very low frequencies (VLF). The developed receiver has two channels and contains two identical broadband amplifiers. The calcualtion (FFT) is carried out with an STM32 processor. In a frequency range of 1 &#8230; 160 KHz, 10 spectra with 256 samples per second are calculated and made available for further evaluation.<\/p>\n<p>january 2023<br \/>\nThe STM32 modules used were no longer available after a certain point in time. A new board was developed, which takes into account an alternative CPU module (blue pill). Thereby the Bluetooth transceiver was arranged pluggable right on the main board. In addition, a compass module was provided, which gave additional measurement possibilities.<\/p>\n<p>&nbsp;<\/p>\n","protected":false},"excerpt":{"rendered":"<p>F\u00fcr ein geophysikalisches Verfahren wurde eine spezielle Hardware entwickelt. Das Verfahren beruht auf\u00a0 der Auswertung der St\u00e4rke von elektromagnetischen Feldern, die durch leitf\u00e4higen Materialien (Wasser, Rohre und Kabel sowie Hohlr\u00e4ume) ver\u00e4ndert werden. Die Messung\u00a0 erfolgt bei sehr tiefen Frequenzen (VLF). Der entwickelte Empf\u00e4nger ist zweikanalig ausgef\u00fchrt und beinhaltet zwei identische Breitbandverst\u00e4rker. Die Auswertung (FFT) erfolgt [&hellip;]<\/p>\n","protected":false},"author":1,"featured_media":0,"parent":0,"menu_order":0,"comment_status":"closed","ping_status":"closed","template":"","meta":{"gt_page_layout":"","gt_hide_page_title":false,"gt_remove_bottom_margin":false,"footnotes":""},"class_list":["post-152","page","type-page","status-publish","hentry"],"_links":{"self":[{"href":"https:\/\/b-und-l-service.de\/index.php\/wp-json\/wp\/v2\/pages\/152","targetHints":{"allow":["GET"]}}],"collection":[{"href":"https:\/\/b-und-l-service.de\/index.php\/wp-json\/wp\/v2\/pages"}],"about":[{"href":"https:\/\/b-und-l-service.de\/index.php\/wp-json\/wp\/v2\/types\/page"}],"author":[{"embeddable":true,"href":"https:\/\/b-und-l-service.de\/index.php\/wp-json\/wp\/v2\/users\/1"}],"replies":[{"embeddable":true,"href":"https:\/\/b-und-l-service.de\/index.php\/wp-json\/wp\/v2\/comments?post=152"}],"version-history":[{"count":10,"href":"https:\/\/b-und-l-service.de\/index.php\/wp-json\/wp\/v2\/pages\/152\/revisions"}],"predecessor-version":[{"id":276,"href":"https:\/\/b-und-l-service.de\/index.php\/wp-json\/wp\/v2\/pages\/152\/revisions\/276"}],"wp:attachment":[{"href":"https:\/\/b-und-l-service.de\/index.php\/wp-json\/wp\/v2\/media?parent=152"}],"curies":[{"name":"wp","href":"https:\/\/api.w.org\/{rel}","templated":true}]}}